{"id":95,"date":"2021-05-13T17:58:15","date_gmt":"2021-05-13T15:58:15","guid":{"rendered":"http:\/\/lavenne-architecture.be\/?page_id=95"},"modified":"2026-04-02T11:50:09","modified_gmt":"2026-04-02T09:50:09","slug":"page-de-garde","status":"publish","type":"page","link":"https:\/\/lavenne-architecture.be\/","title":{"rendered":""},"content":{"rendered":"\n<figure class=\"wp-block-gallery aligncenter has-nested-images columns-default is-cropped wp-block-gallery-1 is-layout-flex wp-block-gallery-is-layout-flex\">\n<figure class=\"wp-block-image size-full is-style-default wp-duotone-grayscale\"><img loading=\"lazy\" decoding=\"async\" width=\"1013\" height=\"911\" data-id=\"403\" src=\"https:\/\/lavenne-architecture.be\/wp-content\/uploads\/2026\/04\/GL-4-architecture-2026-carre.jpg\" alt=\"\" class=\"wp-image-403\" srcset=\"https:\/\/lavenne-architecture.be\/wp-content\/uploads\/2026\/04\/GL-4-architecture-2026-carre.jpg 1013w, https:\/\/lavenne-architecture.be\/wp-content\/uploads\/2026\/04\/GL-4-architecture-2026-carre-300x270.jpg 300w, https:\/\/lavenne-architecture.be\/wp-content\/uploads\/2026\/04\/GL-4-architecture-2026-carre-768x691.jpg 768w, https:\/\/lavenne-architecture.be\/wp-content\/uploads\/2026\/04\/GL-4-architecture-2026-carre-400x360.jpg 400w, https:\/\/lavenne-architecture.be\/wp-content\/uploads\/2026\/04\/GL-4-architecture-2026-carre-940x845.jpg 940w\" sizes=\"auto, (max-width: 1013px) 100vw, 1013px\" \/><\/figure>\n<\/figure>\n\n\n\n<div class=\"wp-block-buttons alignfull is-horizontal is-content-justification-center is-layout-flex wp-container-core-buttons-is-layout-03627597 wp-block-buttons-is-layout-flex\">\n<div class=\"wp-block-button has-custom-width wp-block-button__width-50 is-style-fill\"><a class=\"wp-block-button__link has-black-color has-white-background-color has-text-color has-background has-link-color has-small-font-size has-custom-font-size wp-element-button\" href=\"https:\/\/lavenne-architecture.be\/index.php\/a-votre-service-pour\/\" style=\"border-radius:0px;font-style:normal;font-weight:200;text-decoration:none;text-transform:uppercase\"><mark style=\"background-color:rgba(0, 0, 0, 0)\" class=\"has-inline-color has-black-color\"><strong>Services<\/strong><\/mark><\/a><\/div>\n\n\n\n<div class=\"wp-block-button has-custom-width wp-block-button__width-50 is-style-fill\"><a class=\"wp-block-button__link has-black-color has-white-background-color has-text-color has-background has-link-color has-small-font-size has-custom-font-size wp-element-button\" href=\"mailto:gl4architecture@gmail.com\" style=\"border-radius:0px;font-style:normal;font-weight:200;text-decoration:none;text-transform:uppercase\"><mark style=\"background-color:rgba(0, 0, 0, 0)\" class=\"has-inline-color has-black-color\"><strong>Contacts<\/strong><\/mark><\/a><\/div>\n\n\n\n<div class=\"wp-block-button has-custom-width wp-block-button__width-50 is-style-fill\"><a class=\"wp-block-button__link has-black-color has-white-background-color has-text-color has-background has-link-color has-small-font-size has-custom-font-size wp-element-button\" href=\"https:\/\/lavenne-architecture.be\/index.php\/creation-dimage-3d-pour-vos-projets\/\" style=\"border-radius:0px;font-style:normal;font-weight:200;text-decoration:none;text-transform:uppercase\"><strong><mark style=\"background-color:rgba(0, 0, 0, 0)\" class=\"has-inline-color has-black-color\">C<\/mark>r\u00e9ations 3D &#8211; Aide l&rsquo;am\u00e9nagement &#8211; rendus photor\u00e9alistes<\/strong><\/a><\/div>\n<\/div>\n\n\n\n<figure class=\"wp-block-image aligncenter size-full\"><img loading=\"lazy\" decoding=\"async\" width=\"153\" height=\"153\" src=\"http:\/\/lavenne-architecture.be\/wp-content\/uploads\/2021\/11\/QR-lavenn-architecture.jpg\" alt=\"\" class=\"wp-image-281\" srcset=\"https:\/\/lavenne-architecture.be\/wp-content\/uploads\/2021\/11\/QR-lavenn-architecture.jpg 153w, https:\/\/lavenne-architecture.be\/wp-content\/uploads\/2021\/11\/QR-lavenn-architecture-150x150.jpg 150w\" sizes=\"auto, (max-width: 153px) 100vw, 153px\" \/><\/figure>\n","protected":false},"excerpt":{"rendered":"","protected":false},"author":1,"featured_media":0,"parent":0,"menu_order":0,"comment_status":"closed","ping_status":"closed","template":"","meta":{"footnotes":""},"class_list":["post-95","page","type-page","status-publish","hentry"],"_links":{"self":[{"href":"https:\/\/lavenne-architecture.be\/index.php\/wp-json\/wp\/v2\/pages\/95","targetHints":{"allow":["GET"]}}],"collection":[{"href":"https:\/\/lavenne-architecture.be\/index.php\/wp-json\/wp\/v2\/pages"}],"about":[{"href":"https:\/\/lavenne-architecture.be\/index.php\/wp-json\/wp\/v2\/types\/page"}],"author":[{"embeddable":true,"href":"https:\/\/lavenne-architecture.be\/index.php\/wp-json\/wp\/v2\/users\/1"}],"replies":[{"embeddable":true,"href":"https:\/\/lavenne-architecture.be\/index.php\/wp-json\/wp\/v2\/comments?post=95"}],"version-history":[{"count":31,"href":"https:\/\/lavenne-architecture.be\/index.php\/wp-json\/wp\/v2\/pages\/95\/revisions"}],"predecessor-version":[{"id":415,"href":"https:\/\/lavenne-architecture.be\/index.php\/wp-json\/wp\/v2\/pages\/95\/revisions\/415"}],"wp:attachment":[{"href":"https:\/\/lavenne-architecture.be\/index.php\/wp-json\/wp\/v2\/media?parent=95"}],"curies":[{"name":"wp","href":"https:\/\/api.w.org\/{rel}","templated":true}]}}